{"id":3482,"date":"2025-09-30T04:40:33","date_gmt":"2025-09-30T04:40:33","guid":{"rendered":"https:\/\/rosaliehallstg.wpenginepowered.com\/declaration-contre-le-racisme-anti-noir\/"},"modified":"2026-01-15T07:38:53","modified_gmt":"2026-01-15T07:38:53","slug":"declaration-contre-le-racisme-anti-noir","status":"publish","type":"page","link":"https:\/\/rosaliehall.com\/fr\/declaration-contre-le-racisme-anti-noir\/","title":{"rendered":"D\u00e9claration contre le racisme anti-Noir"},"content":{"rendered":"<p>[et_pb_section fb_built=\u00a0\u00bb1&Prime; custom_padding_last_edited=\u00a0\u00bbon|phone\u00a0\u00bb _builder_version=\u00a0\u00bb4.27.4&Prime; _module_preset=\u00a0\u00bbdefault\u00a0\u00bb background_color=\u00a0\u00bb#f8f5f0&Prime; custom_padding=\u00a0\u00bb270px||99px||false|false\u00a0\u00bb custom_padding_tablet=\u00a0\u00bb185.22px||80px||false|false\u00a0\u00bb custom_padding_phone=\u00a0\u00bb147.73px||60px||false|false\u00a0\u00bb locked=\u00a0\u00bboff\u00a0\u00bb global_colors_info=\u00a0\u00bb{}\u00a0\u00bb custom_css_free_form=\u00a0\u00bb@media(min-width: 981px) and (max-width: 1199px){||  selector{||    padding-top: 200px !important;||  }||}\u00a0\u00bb][et_pb_row _builder_version=\u00a0\u00bb4.27.4&Prime; _module_preset=\u00a0\u00bbdefault\u00a0\u00bb width=\u00a0\u00bb90%\u00a0\u00bb max_width=\u00a0\u00bb854px\u00a0\u00bb custom_padding=\u00a0\u00bb0px||0px||true|false\u00a0\u00bb global_colors_info=\u00a0\u00bb{}\u00a0\u00bb][et_pb_column type=\u00a0\u00bb4_4&Prime; _builder_version=\u00a0\u00bb4.27.4&Prime; _module_preset=\u00a0\u00bbdefault\u00a0\u00bb global_colors_info=\u00a0\u00bb{}\u00a0\u00bb][et_pb_heading title=\u00a0\u00bbNous nous engageons \u00e0 agir contre le racisme anti-Noir\u00a0\u00bb module_class=\u00a0\u00bbheading-medium-rosalie\u00a0\u00bb _builder_version=\u00a0\u00bb4.27.4&Prime; _module_preset=\u00a0\u00bbdefault\u00a0\u00bb title_text_align=\u00a0\u00bbcenter\u00a0\u00bb title_letter_spacing=\u00a0\u00bb-0.01em\u00a0\u00bb title_line_height=\u00a0\u00bb1.3em\u00a0\u00bb max_width=\u00a0\u00bb600px\u00a0\u00bb module_alignment=\u00a0\u00bbcenter\u00a0\u00bb custom_margin=\u00a0\u00bb||10px||false|false\u00a0\u00bb global_colors_info=\u00a0\u00bb{}\u00a0\u00bb][\/et_pb_heading][et_pb_text _builder_version=\u00a0\u00bb4.27.4&Prime; _module_preset=\u00a0\u00bbdefault\u00a0\u00bb text_font=\u00a0\u00bb|700|||||||\u00a0\u00bb text_text_color=\u00a0\u00bb#6F3573&Prime; text_font_size=\u00a0\u00bb24px\u00a0\u00bb text_line_height=\u00a0\u00bb1.5em\u00a0\u00bb text_orientation=\u00a0\u00bbcenter\u00a0\u00bb custom_margin=\u00a0\u00bb||60px||false|false\u00a0\u00bb custom_margin_tablet=\u00a0\u00bb||40px||false|false\u00a0\u00bb custom_margin_phone=\u00a0\u00bb||30px||false|false\u00a0\u00bb custom_margin_last_edited=\u00a0\u00bbon|phone\u00a0\u00bb text_font_size_tablet=\u00a0\u00bb22px\u00a0\u00bb text_font_size_phone=\u00a0\u00bb20px\u00a0\u00bb text_font_size_last_edited=\u00a0\u00bbon|desktop\u00a0\u00bb global_colors_info=\u00a0\u00bb{}\u00a0\u00bb]<\/p>\n<p>D\u00e9claration contre le racisme anti-Noir<\/p>\n<p>[\/et_pb_text][et_pb_text _builder_version=\u00a0\u00bb4.27.4&Prime; _module_preset=\u00a0\u00bbdefault\u00a0\u00bb text_text_color=\u00a0\u00bb#787266&Prime; text_font_size=\u00a0\u00bb18px\u00a0\u00bb text_line_height=\u00a0\u00bb1.5em\u00a0\u00bb text_font_size_tablet=\u00a0\u00bb18px\u00a0\u00bb text_font_size_phone=\u00a0\u00bb16px\u00a0\u00bb text_font_size_last_edited=\u00a0\u00bbon|desktop\u00a0\u00bb custom_css_free_form=\u00a0\u00bbselector a{||  text-decoration: underline;||}||selector p{||  padding-bottom: 15px;||}||||selector p:last-of-type {||    padding-bottom: 0;||}\u00a0\u00bb global_colors_info=\u00a0\u00bb{}\u00a0\u00bb]<\/p>\n<p>En tant qu\u2019organisme, Rosalie Hall croit que chaque personne a le droit d\u2019\u00eatre trait\u00e9e avec dignit\u00e9 et respect, sans \u00e9gard \u00e0 sa race, son ascendance, son lieu d\u2019origine, sa couleur, son origine ethnique, sa citoyennet\u00e9, sa croyance, son sexe, son orientation sexuelle, son \u00e2ge, son \u00e9tat matrimonial, sa situation familiale ou ses capacit\u00e9s. Nous nous engageons \u00e0 fournir des services sans pr\u00e9jug\u00e9 ni jugement. L\u2019organisme ne tol\u00e9rera aucune expression de discrimination raciale ou ethnoculturelle de la part de quiconque est employ\u00e9, participe ou fait du b\u00e9n\u00e9volat dans l\u2019un de ses programmes ou services. Rosalie Hall reconna\u00eet que les groupes minoritaires raciaux, ethnoculturels, linguistiques et autres peuvent rencontrer des obstacles \u00e0 la pleine participation aux structures organisationnelles, aux programmes et aux services sociaux. Nous croyons que tous les individus et tous les groupes ont le droit de participer pleinement et \u00e9quitablement \u00e0 tous les aspects de la communaut\u00e9, y compris l\u2019expression spirituelle, sociale, \u00e9conomique, culturelle et politique. Rosalie Hall s\u2019engage \u00e0 s\u2019efforcer d\u2019\u00e9liminer les obstacles, en reconnaissant la valeur inh\u00e9rente de toutes les personnes par le biais du traitement de ses clients, de son personnel et de ses b\u00e9n\u00e9voles, de sa prestation de programmes accessibles et adapt\u00e9s \u00e0 la culture et en assurant l\u2019acc\u00e8s au processus d\u00e9cisionnel.     <\/p>\n<p>Nous sommes fermement solidaires de la communaut\u00e9 noire et de nos coll\u00e8gues pour condamner toutes les formes de racisme. Nous reconnaissons le racisme comme une crise de sant\u00e9 publique qui se manifeste de plusieurs fa\u00e7ons&nbsp;: des microagressions \u00e0 la violence physique en passant par la perp\u00e9tuation syst\u00e9mique du pouvoir et des privil\u00e8ges. Ces agressions soci\u00e9tales, structurelles et individuelles ont eu un impact important sur la sant\u00e9 mentale et les r\u00e9sultats de vie des membres de la communaut\u00e9 noire.  <\/p>\n<p>Nous nous engageons \u00e0 travailler avec l\u2019organisme principal pour former un groupe de travail ayant pour mandat d\u2019\u00e9laborer une feuille de route pluriannuelle afin d\u2019avoir un impact mesurable en ce qui concerne le racisme anti-Noir. Comme premi\u00e8res \u00e9tapes de ce mandat, nous nous engageons \u00e0 offrir une formation \u00e0 tout le personnel du secteur, \u00e0 la direction et aux conseils d\u2019administration. Nous travaillerons \u00e0 harmoniser les programmes, les politiques et les pratiques de notre secteur avec les pratiques exemplaires en mati\u00e8re de lutte contre le racisme et l\u2019oppression.  <\/p>\n<p>\u00c0 l\u2019externe, nous sensibiliserons la population \u00e0 l\u2019impact du racisme anti-Noir sur les enfants, les jeunes et les familles. Nous appuierons les initiatives visant \u00e0 modifier les syst\u00e8mes et les politiques qui permettent le racisme anti-Noir aujourd\u2019hui, y compris une responsabilisation et une transparence accrues dans les syst\u00e8mes qui ont historiquement opprim\u00e9 la communaut\u00e9 noire. Nous sommes d\u00e9termin\u00e9s \u00e0 mener une action collective pour lutter contre le racisme anti-Noir dans nos organisations et dans notre ville.  <\/p>\n<p>Enfin, nous savons que les discussions indispensables des derni\u00e8res semaines peuvent faire ressurgir de nouvelles souffrances pour les communaut\u00e9s m\u00eames qu\u2019elles visent \u00e0 soutenir. N\u2019oubliez pas que nos organisations sont l\u00e0 pour les enfants, les jeunes et les familles si vous avez besoin d\u2019aide. Pour acc\u00e9der aux services, appelez Sant\u00e9 mentale TO au <a href=\"tel:18665856486\">1-866-585-6486<\/a> (sans frais) ou <a href=\"https:\/\/rosaliehall.com\/wp-content\/uploads\/2025\/10\/CSP-List-Updated-June-2020.pdf\" target=\"_blank\" rel=\"noopener\">cliquez ici pour obtenir une liste des services \u00e0 l\u2019enfance et \u00e0 la jeunesse.<\/a>  <\/p>\n<p>[\/et_pb_text][\/et_pb_column][\/et_pb_row][\/et_pb_section]<\/p>\n","protected":false},"excerpt":{"rendered":"<p>D\u00e9claration contre le racisme anti-NoirEn tant qu\u2019organisme, Rosalie Hall croit que chaque personne a le droit d\u2019\u00eatre trait\u00e9e avec dignit\u00e9 et respect, sans \u00e9gard \u00e0 sa race, son ascendance, son lieu d\u2019origine, sa couleur, son origine ethnique, sa citoyennet\u00e9, sa croyance, son sexe, son orientation sexuelle, son \u00e2ge, son \u00e9tat matrimonial, sa situation familiale ou [&hellip;]<\/p>\n","protected":false},"author":1,"featured_media":0,"parent":0,"menu_order":0,"comment_status":"closed","ping_status":"closed","template":"","meta":{"_acf_changed":false,"_et_pb_use_builder":"on","_et_pb_old_content":"","_et_gb_content_width":"","footnotes":""},"class_list":["post-3482","page","type-page","status-publish","hentry"],"acf":[],"yoast_head":"<!-- This site is optimized with the Yoast SEO plugin v27.3 - https:\/\/yoast.com\/product\/yoast-seo-wordpress\/ -->\n<title>D\u00e9claration contre le racisme anti-Noir - Rosalie Hall<\/title>\n<meta name=\"robots\" content=\"index, follow, max-snippet:-1, max-image-preview:large, max-video-preview:-1\" \/>\n<link rel=\"canonical\" href=\"https:\/\/rosaliehall.com\/fr\/declaration-contre-le-racisme-anti-noir\/\" \/>\n<meta property=\"og:locale\" content=\"fr_FR\" \/>\n<meta property=\"og:type\" content=\"article\" \/>\n<meta property=\"og:title\" content=\"D\u00e9claration contre le racisme anti-Noir - Rosalie Hall\" \/>\n<meta property=\"og:description\" content=\"D\u00e9claration contre le racisme anti-NoirEn tant qu\u2019organisme, Rosalie Hall croit que chaque personne a le droit d\u2019\u00eatre trait\u00e9e avec dignit\u00e9 et respect, sans \u00e9gard \u00e0 sa race, son ascendance, son lieu d\u2019origine, sa couleur, son origine ethnique, sa citoyennet\u00e9, sa croyance, son sexe, son orientation sexuelle, son \u00e2ge, son \u00e9tat matrimonial, sa situation familiale ou [&hellip;]\" \/>\n<meta property=\"og:url\" content=\"https:\/\/rosaliehall.com\/fr\/declaration-contre-le-racisme-anti-noir\/\" \/>\n<meta property=\"og:site_name\" content=\"Rosalie Hall\" \/>\n<meta property=\"article:modified_time\" content=\"2026-01-15T07:38:53+00:00\" \/>\n<meta name=\"twitter:card\" content=\"summary_large_image\" \/>\n<meta name=\"twitter:label1\" content=\"Dur\u00e9e de lecture estim\u00e9e\" \/>\n\t<meta name=\"twitter:data1\" content=\"4 minutes\" \/>\n<script type=\"application\/ld+json\" class=\"yoast-schema-graph\">{\"@context\":\"https:\\\/\\\/schema.org\",\"@graph\":[{\"@type\":\"WebPage\",\"@id\":\"https:\\\/\\\/rosaliehall.com\\\/fr\\\/declaration-contre-le-racisme-anti-noir\\\/\",\"url\":\"https:\\\/\\\/rosaliehall.com\\\/fr\\\/declaration-contre-le-racisme-anti-noir\\\/\",\"name\":\"D\u00e9claration contre le racisme anti-Noir - Rosalie Hall\",\"isPartOf\":{\"@id\":\"https:\\\/\\\/rosaliehall.com\\\/fr\\\/#website\"},\"datePublished\":\"2025-09-30T04:40:33+00:00\",\"dateModified\":\"2026-01-15T07:38:53+00:00\",\"breadcrumb\":{\"@id\":\"https:\\\/\\\/rosaliehall.com\\\/fr\\\/declaration-contre-le-racisme-anti-noir\\\/#breadcrumb\"},\"inLanguage\":\"fr-FR\",\"potentialAction\":[{\"@type\":\"ReadAction\",\"target\":[\"https:\\\/\\\/rosaliehall.com\\\/fr\\\/declaration-contre-le-racisme-anti-noir\\\/\"]}]},{\"@type\":\"BreadcrumbList\",\"@id\":\"https:\\\/\\\/rosaliehall.com\\\/fr\\\/declaration-contre-le-racisme-anti-noir\\\/#breadcrumb\",\"itemListElement\":[{\"@type\":\"ListItem\",\"position\":1,\"name\":\"Home\",\"item\":\"https:\\\/\\\/rosaliehall.com\\\/fr\\\/accueil\\\/\"},{\"@type\":\"ListItem\",\"position\":2,\"name\":\"D\u00e9claration contre le racisme anti-Noir\"}]},{\"@type\":\"WebSite\",\"@id\":\"https:\\\/\\\/rosaliehall.com\\\/fr\\\/#website\",\"url\":\"https:\\\/\\\/rosaliehall.com\\\/fr\\\/\",\"name\":\"Rosalie Hall\",\"description\":\"Supporting the Strength of Young Families\",\"potentialAction\":[{\"@type\":\"SearchAction\",\"target\":{\"@type\":\"EntryPoint\",\"urlTemplate\":\"https:\\\/\\\/rosaliehall.com\\\/fr\\\/?s={search_term_string}\"},\"query-input\":{\"@type\":\"PropertyValueSpecification\",\"valueRequired\":true,\"valueName\":\"search_term_string\"}}],\"inLanguage\":\"fr-FR\"}]}<\/script>\n<!-- \/ Yoast SEO plugin. -->","yoast_head_json":{"title":"D\u00e9claration contre le racisme anti-Noir - Rosalie Hall","robots":{"index":"index","follow":"follow","max-snippet":"max-snippet:-1","max-image-preview":"max-image-preview:large","max-video-preview":"max-video-preview:-1"},"canonical":"https:\/\/rosaliehall.com\/fr\/declaration-contre-le-racisme-anti-noir\/","og_locale":"fr_FR","og_type":"article","og_title":"D\u00e9claration contre le racisme anti-Noir - Rosalie Hall","og_description":"D\u00e9claration contre le racisme anti-NoirEn tant qu\u2019organisme, Rosalie Hall croit que chaque personne a le droit d\u2019\u00eatre trait\u00e9e avec dignit\u00e9 et respect, sans \u00e9gard \u00e0 sa race, son ascendance, son lieu d\u2019origine, sa couleur, son origine ethnique, sa citoyennet\u00e9, sa croyance, son sexe, son orientation sexuelle, son \u00e2ge, son \u00e9tat matrimonial, sa situation familiale ou [&hellip;]","og_url":"https:\/\/rosaliehall.com\/fr\/declaration-contre-le-racisme-anti-noir\/","og_site_name":"Rosalie Hall","article_modified_time":"2026-01-15T07:38:53+00:00","twitter_card":"summary_large_image","twitter_misc":{"Dur\u00e9e de lecture estim\u00e9e":"4 minutes"},"schema":{"@context":"https:\/\/schema.org","@graph":[{"@type":"WebPage","@id":"https:\/\/rosaliehall.com\/fr\/declaration-contre-le-racisme-anti-noir\/","url":"https:\/\/rosaliehall.com\/fr\/declaration-contre-le-racisme-anti-noir\/","name":"D\u00e9claration contre le racisme anti-Noir - Rosalie Hall","isPartOf":{"@id":"https:\/\/rosaliehall.com\/fr\/#website"},"datePublished":"2025-09-30T04:40:33+00:00","dateModified":"2026-01-15T07:38:53+00:00","breadcrumb":{"@id":"https:\/\/rosaliehall.com\/fr\/declaration-contre-le-racisme-anti-noir\/#breadcrumb"},"inLanguage":"fr-FR","potentialAction":[{"@type":"ReadAction","target":["https:\/\/rosaliehall.com\/fr\/declaration-contre-le-racisme-anti-noir\/"]}]},{"@type":"BreadcrumbList","@id":"https:\/\/rosaliehall.com\/fr\/declaration-contre-le-racisme-anti-noir\/#breadcrumb","itemListElement":[{"@type":"ListItem","position":1,"name":"Home","item":"https:\/\/rosaliehall.com\/fr\/accueil\/"},{"@type":"ListItem","position":2,"name":"D\u00e9claration contre le racisme anti-Noir"}]},{"@type":"WebSite","@id":"https:\/\/rosaliehall.com\/fr\/#website","url":"https:\/\/rosaliehall.com\/fr\/","name":"Rosalie Hall","description":"Supporting the Strength of Young Families","potentialAction":[{"@type":"SearchAction","target":{"@type":"EntryPoint","urlTemplate":"https:\/\/rosaliehall.com\/fr\/?s={search_term_string}"},"query-input":{"@type":"PropertyValueSpecification","valueRequired":true,"valueName":"search_term_string"}}],"inLanguage":"fr-FR"}]}},"_links":{"self":[{"href":"https:\/\/rosaliehall.com\/fr\/wp-json\/wp\/v2\/pages\/3482","targetHints":{"allow":["GET"]}}],"collection":[{"href":"https:\/\/rosaliehall.com\/fr\/wp-json\/wp\/v2\/pages"}],"about":[{"href":"https:\/\/rosaliehall.com\/fr\/wp-json\/wp\/v2\/types\/page"}],"author":[{"embeddable":true,"href":"https:\/\/rosaliehall.com\/fr\/wp-json\/wp\/v2\/users\/1"}],"replies":[{"embeddable":true,"href":"https:\/\/rosaliehall.com\/fr\/wp-json\/wp\/v2\/comments?post=3482"}],"version-history":[{"count":0,"href":"https:\/\/rosaliehall.com\/fr\/wp-json\/wp\/v2\/pages\/3482\/revisions"}],"wp:attachment":[{"href":"https:\/\/rosaliehall.com\/fr\/wp-json\/wp\/v2\/media?parent=3482"}],"curies":[{"name":"wp","href":"https:\/\/api.w.org\/{rel}","templated":true}]}}