{"id":3414,"date":"2025-10-21T08:29:21","date_gmt":"2025-10-21T08:29:21","guid":{"rendered":"https:\/\/rosaliehallstg.wpenginepowered.com\/plan-du-site\/"},"modified":"2026-01-15T07:36:51","modified_gmt":"2026-01-15T07:36:51","slug":"plan-du-site","status":"publish","type":"page","link":"https:\/\/rosaliehall.com\/fr\/plan-du-site\/","title":{"rendered":"Plan du site"},"content":{"rendered":"<p>[et_pb_section fb_built=\u00a0\u00bb1&Prime; custom_padding_last_edited=\u00a0\u00bbon|phone\u00a0\u00bb _builder_version=\u00a0\u00bb4.27.4&Prime; _module_preset=\u00a0\u00bbdefault\u00a0\u00bb background_color=\u00a0\u00bb#f8f5f0&Prime; custom_padding=\u00a0\u00bb270px||138px||false|false\u00a0\u00bb custom_padding_tablet=\u00a0\u00bb185.22px||80px||false|false\u00a0\u00bb custom_padding_phone=\u00a0\u00bb147.73px||60px||false|false\u00a0\u00bb hover_enabled=\u00a0\u00bb0&Prime; locked=\u00a0\u00bboff\u00a0\u00bb global_colors_info=\u00a0\u00bb{}\u00a0\u00bb sticky_enabled=\u00a0\u00bb0&Prime;][et_pb_row _builder_version=\u00a0\u00bb4.27.4&Prime; _module_preset=\u00a0\u00bbdefault\u00a0\u00bb width=\u00a0\u00bb90%\u00a0\u00bb max_width=\u00a0\u00bb836px\u00a0\u00bb custom_padding=\u00a0\u00bb0px||0px||true|false\u00a0\u00bb global_colors_info=\u00a0\u00bb{}\u00a0\u00bb][et_pb_column type=\u00a0\u00bb4_4&Prime; _builder_version=\u00a0\u00bb4.27.4&Prime; _module_preset=\u00a0\u00bbdefault\u00a0\u00bb global_colors_info=\u00a0\u00bb{}\u00a0\u00bb][et_pb_heading title=\u00a0\u00bbPlan du site\u00a0\u00bb module_class=\u00a0\u00bbheading-medium-rosalie\u00a0\u00bb _builder_version=\u00a0\u00bb4.27.4&Prime; _module_preset=\u00a0\u00bbdefault\u00a0\u00bb title_text_align=\u00a0\u00bbcenter\u00a0\u00bb title_letter_spacing=\u00a0\u00bb-0.01em\u00a0\u00bb title_line_height=\u00a0\u00bb1.3em\u00a0\u00bb max_width=\u00a0\u00bb600px\u00a0\u00bb module_alignment=\u00a0\u00bbcenter\u00a0\u00bb custom_margin=\u00a0\u00bb||60px||false|false\u00a0\u00bb custom_margin_tablet=\u00a0\u00bb||30px||false|false\u00a0\u00bb custom_margin_phone=\u00a0\u00bb||30px||false|false\u00a0\u00bb custom_margin_last_edited=\u00a0\u00bbon|tablet\u00a0\u00bb global_colors_info=\u00a0\u00bb{}\u00a0\u00bb][\/et_pb_heading][et_pb_text _builder_version=\u00a0\u00bb4.27.4&Prime; _module_preset=\u00a0\u00bbdefault\u00a0\u00bb text_text_color=\u00a0\u00bb#787266&Prime; text_font_size=\u00a0\u00bb18px\u00a0\u00bb text_line_height=\u00a0\u00bb1.5em\u00a0\u00bb text_font_size_tablet=\u00a0\u00bb18px\u00a0\u00bb text_font_size_phone=\u00a0\u00bb16px\u00a0\u00bb text_font_size_last_edited=\u00a0\u00bbon|desktop\u00a0\u00bb custom_css_free_form=\u00a0\u00bbselector a{||  text-decoration: underline;||  color: #787266;||}||selector p{||  padding-bottom: 15px;||}||||selector p:last-of-type {||    padding-bottom: 0;||}||selector li{||  list-style: none;||  position: relative;||}||selector li:before{||\tcontent: %22.%22;||  font-size: 38px;||  color: #787266;||  position: absolute;||  top: 1px;||  left: -18px;||  line-height: 0px;||}||selector ul{||  padding-bottom: 0px;||}||selector ul ul{||   padding-left: 27px;||  padding-top: 2px;||  padding-bottom: 0px;||}||selector ul ul li{||  margin-bottom: 1px;||}\u00a0\u00bb global_colors_info=\u00a0\u00bb{}\u00a0\u00bb]<\/p>\n<ul>\n<li><a href=\"https:\/\/rosaliehall.com\/about-us\/\">\u00c0 propos de nous<\/a><\/li>\n<ul>\n<li><a href=\"https:\/\/rosaliehall.com\/mission-vision-values-heritage\/\">H\u00e9ritage, vision, mission<\/a><\/li>\n<li><a href=\"https:\/\/rosaliehall.com\/our-team\/\">Notre \u00e9quipe<\/a><\/li>\n<li><a href=\"https:\/\/rosaliehall.com\/strategic-plan\/\">Plan strat\u00e9gique<\/a><\/li>\n<li><a href=\"https:\/\/rosaliehall.com\/anti-black-racism-statement\/\">D\u00e9claration contre le racisme anti-Noir<\/a><\/li>\n<li><a href=\"#\">D\u00e9claration Covid-19<\/a><\/li>\n<li><a href=\"https:\/\/rosaliehall.com\/fr\/accessibilite\/\">Accessibilit\u00e9<\/a><\/li>\n<\/ul>\n<\/ul>\n<ul>\n<li><a href=\"https:\/\/rosaliehall.com\/fr\/ce-que-nous-offrons\/\">Ce que nous offrons<\/a><\/li>\n<ul>\n<li><a href=\"https:\/\/rosaliehall.com\/our-services\/\">Nos services<\/a><\/li>\n<li><a href=\"https:\/\/rosaliehall.com\/parenting-groups\/\">Groupes de soutien parental<\/a><\/li>\n<li><a href=\"https:\/\/rosaliehall.com\/young-parent-hub\/\">Carrefour jeunes parents<\/a><\/li>\n<li><a href=\"https:\/\/rosaliehall.com\/early-learning-child-care\/\">Apprentissage pr\u00e9coce et garde d\u2019enfants<\/a><\/li>\n<li><a href=\"#\">Calendrier des programmes<\/a><\/li>\n<\/ul>\n<\/ul>\n<ul>\n<li><a href=\"https:\/\/rosaliehall.com\/getting-started\/\">Pour commencer<\/a><\/li>\n<li><a href=\"https:\/\/rosaliehall.com\/support-our-work\/\">Soutiens notre travail<\/a><\/li>\n<ul>\n<li><a href=\"https:\/\/rosaliehall.com\/donate\/\">Faire un don<\/a><\/li>\n<li><a href=\"https:\/\/rosaliehall.com\/volunteer\/\">B\u00e9n\u00e9volat<\/a><\/li>\n<li><a href=\"https:\/\/rosaliehall.com\/the-rosalie-hall-foundation\/\">La Fondation Rosalie Hall<\/a><\/li>\n<li><a href=\"#\">Collecte de fonds et \u00e9v\u00e9nements<\/a><\/li>\n<li><a href=\"https:\/\/rosaliehall.com\/our-donors-funders\/\">Merci \u00e0 nos donateurs<\/a><\/li>\n<\/ul>\n<\/ul>\n<ul>\n<li><a href=\"https:\/\/rosaliehall.com\/fr\/contact\/\">Contactez-nous<\/a><\/li>\n<ul>\n<li><a href=\"https:\/\/rosaliehall.com\/fr\/offres-demploi\/\">Offres d\u2019emploi<\/a><\/li>\n<\/ul>\n<\/ul>\n<p>[\/et_pb_text][\/et_pb_column][\/et_pb_row][\/et_pb_section]<\/p>\n","protected":false},"excerpt":{"rendered":"<p>\u00c0 propos de nous H\u00e9ritage, vision, mission Notre \u00e9quipe Plan strat\u00e9gique D\u00e9claration contre le racisme anti-Noir D\u00e9claration Covid-19 Accessibilit\u00e9 Ce que nous offrons Nos services Groupes de soutien parental Carrefour jeunes parents Apprentissage pr\u00e9coce et garde d\u2019enfants Calendrier des programmes Pour commencer Soutiens notre travail Faire un don B\u00e9n\u00e9volat La Fondation Rosalie Hall Collecte de [&hellip;]<\/p>\n","protected":false},"author":1,"featured_media":0,"parent":0,"menu_order":0,"comment_status":"closed","ping_status":"closed","template":"","meta":{"_acf_changed":false,"_et_pb_use_builder":"on","_et_pb_old_content":"","_et_gb_content_width":"","footnotes":""},"class_list":["post-3414","page","type-page","status-publish","hentry"],"acf":[],"yoast_head":"<!-- This site is optimized with the Yoast SEO plugin v27.3 - https:\/\/yoast.com\/product\/yoast-seo-wordpress\/ -->\n<title>Plan du site - Rosalie Hall<\/title>\n<meta name=\"robots\" content=\"index, follow, max-snippet:-1, max-image-preview:large, max-video-preview:-1\" \/>\n<link rel=\"canonical\" href=\"https:\/\/rosaliehall.com\/fr\/plan-du-site\/\" \/>\n<meta property=\"og:locale\" content=\"fr_FR\" \/>\n<meta property=\"og:type\" content=\"article\" \/>\n<meta property=\"og:title\" content=\"Plan du site - Rosalie Hall\" \/>\n<meta property=\"og:description\" content=\"\u00c0 propos de nous H\u00e9ritage, vision, mission Notre \u00e9quipe Plan strat\u00e9gique D\u00e9claration contre le racisme anti-Noir D\u00e9claration Covid-19 Accessibilit\u00e9 Ce que nous offrons Nos services Groupes de soutien parental Carrefour jeunes parents Apprentissage pr\u00e9coce et garde d\u2019enfants Calendrier des programmes Pour commencer Soutiens notre travail Faire un don B\u00e9n\u00e9volat La Fondation Rosalie Hall Collecte de [&hellip;]\" \/>\n<meta property=\"og:url\" content=\"https:\/\/rosaliehall.com\/fr\/plan-du-site\/\" \/>\n<meta property=\"og:site_name\" content=\"Rosalie Hall\" \/>\n<meta property=\"article:modified_time\" content=\"2026-01-15T07:36:51+00:00\" \/>\n<meta name=\"twitter:card\" content=\"summary_large_image\" \/>\n<meta name=\"twitter:label1\" content=\"Dur\u00e9e de lecture estim\u00e9e\" \/>\n\t<meta name=\"twitter:data1\" content=\"2 minutes\" \/>\n<script type=\"application\/ld+json\" class=\"yoast-schema-graph\">{\"@context\":\"https:\\\/\\\/schema.org\",\"@graph\":[{\"@type\":\"WebPage\",\"@id\":\"https:\\\/\\\/rosaliehall.com\\\/fr\\\/plan-du-site\\\/\",\"url\":\"https:\\\/\\\/rosaliehall.com\\\/fr\\\/plan-du-site\\\/\",\"name\":\"Plan du site - Rosalie Hall\",\"isPartOf\":{\"@id\":\"https:\\\/\\\/rosaliehall.com\\\/fr\\\/#website\"},\"datePublished\":\"2025-10-21T08:29:21+00:00\",\"dateModified\":\"2026-01-15T07:36:51+00:00\",\"breadcrumb\":{\"@id\":\"https:\\\/\\\/rosaliehall.com\\\/fr\\\/plan-du-site\\\/#breadcrumb\"},\"inLanguage\":\"fr-FR\",\"potentialAction\":[{\"@type\":\"ReadAction\",\"target\":[\"https:\\\/\\\/rosaliehall.com\\\/fr\\\/plan-du-site\\\/\"]}]},{\"@type\":\"BreadcrumbList\",\"@id\":\"https:\\\/\\\/rosaliehall.com\\\/fr\\\/plan-du-site\\\/#breadcrumb\",\"itemListElement\":[{\"@type\":\"ListItem\",\"position\":1,\"name\":\"Home\",\"item\":\"https:\\\/\\\/rosaliehall.com\\\/fr\\\/accueil\\\/\"},{\"@type\":\"ListItem\",\"position\":2,\"name\":\"Plan du site\"}]},{\"@type\":\"WebSite\",\"@id\":\"https:\\\/\\\/rosaliehall.com\\\/fr\\\/#website\",\"url\":\"https:\\\/\\\/rosaliehall.com\\\/fr\\\/\",\"name\":\"Rosalie Hall\",\"description\":\"Supporting the Strength of Young Families\",\"potentialAction\":[{\"@type\":\"SearchAction\",\"target\":{\"@type\":\"EntryPoint\",\"urlTemplate\":\"https:\\\/\\\/rosaliehall.com\\\/fr\\\/?s={search_term_string}\"},\"query-input\":{\"@type\":\"PropertyValueSpecification\",\"valueRequired\":true,\"valueName\":\"search_term_string\"}}],\"inLanguage\":\"fr-FR\"}]}<\/script>\n<!-- \/ Yoast SEO plugin. -->","yoast_head_json":{"title":"Plan du site - Rosalie Hall","robots":{"index":"index","follow":"follow","max-snippet":"max-snippet:-1","max-image-preview":"max-image-preview:large","max-video-preview":"max-video-preview:-1"},"canonical":"https:\/\/rosaliehall.com\/fr\/plan-du-site\/","og_locale":"fr_FR","og_type":"article","og_title":"Plan du site - Rosalie Hall","og_description":"\u00c0 propos de nous H\u00e9ritage, vision, mission Notre \u00e9quipe Plan strat\u00e9gique D\u00e9claration contre le racisme anti-Noir D\u00e9claration Covid-19 Accessibilit\u00e9 Ce que nous offrons Nos services Groupes de soutien parental Carrefour jeunes parents Apprentissage pr\u00e9coce et garde d\u2019enfants Calendrier des programmes Pour commencer Soutiens notre travail Faire un don B\u00e9n\u00e9volat La Fondation Rosalie Hall Collecte de [&hellip;]","og_url":"https:\/\/rosaliehall.com\/fr\/plan-du-site\/","og_site_name":"Rosalie Hall","article_modified_time":"2026-01-15T07:36:51+00:00","twitter_card":"summary_large_image","twitter_misc":{"Dur\u00e9e de lecture estim\u00e9e":"2 minutes"},"schema":{"@context":"https:\/\/schema.org","@graph":[{"@type":"WebPage","@id":"https:\/\/rosaliehall.com\/fr\/plan-du-site\/","url":"https:\/\/rosaliehall.com\/fr\/plan-du-site\/","name":"Plan du site - Rosalie Hall","isPartOf":{"@id":"https:\/\/rosaliehall.com\/fr\/#website"},"datePublished":"2025-10-21T08:29:21+00:00","dateModified":"2026-01-15T07:36:51+00:00","breadcrumb":{"@id":"https:\/\/rosaliehall.com\/fr\/plan-du-site\/#breadcrumb"},"inLanguage":"fr-FR","potentialAction":[{"@type":"ReadAction","target":["https:\/\/rosaliehall.com\/fr\/plan-du-site\/"]}]},{"@type":"BreadcrumbList","@id":"https:\/\/rosaliehall.com\/fr\/plan-du-site\/#breadcrumb","itemListElement":[{"@type":"ListItem","position":1,"name":"Home","item":"https:\/\/rosaliehall.com\/fr\/accueil\/"},{"@type":"ListItem","position":2,"name":"Plan du site"}]},{"@type":"WebSite","@id":"https:\/\/rosaliehall.com\/fr\/#website","url":"https:\/\/rosaliehall.com\/fr\/","name":"Rosalie Hall","description":"Supporting the Strength of Young Families","potentialAction":[{"@type":"SearchAction","target":{"@type":"EntryPoint","urlTemplate":"https:\/\/rosaliehall.com\/fr\/?s={search_term_string}"},"query-input":{"@type":"PropertyValueSpecification","valueRequired":true,"valueName":"search_term_string"}}],"inLanguage":"fr-FR"}]}},"_links":{"self":[{"href":"https:\/\/rosaliehall.com\/fr\/wp-json\/wp\/v2\/pages\/3414","targetHints":{"allow":["GET"]}}],"collection":[{"href":"https:\/\/rosaliehall.com\/fr\/wp-json\/wp\/v2\/pages"}],"about":[{"href":"https:\/\/rosaliehall.com\/fr\/wp-json\/wp\/v2\/types\/page"}],"author":[{"embeddable":true,"href":"https:\/\/rosaliehall.com\/fr\/wp-json\/wp\/v2\/users\/1"}],"replies":[{"embeddable":true,"href":"https:\/\/rosaliehall.com\/fr\/wp-json\/wp\/v2\/comments?post=3414"}],"version-history":[{"count":0,"href":"https:\/\/rosaliehall.com\/fr\/wp-json\/wp\/v2\/pages\/3414\/revisions"}],"wp:attachment":[{"href":"https:\/\/rosaliehall.com\/fr\/wp-json\/wp\/v2\/media?parent=3414"}],"curies":[{"name":"wp","href":"https:\/\/api.w.org\/{rel}","templated":true}]}}