{"id":3353,"date":"2025-10-21T08:13:13","date_gmt":"2025-10-21T08:13:13","guid":{"rendered":"https:\/\/rosaliehallstg.wpenginepowered.com\/conditions-dutilisation-et-confidentialite\/"},"modified":"2026-01-15T07:34:24","modified_gmt":"2026-01-15T07:34:24","slug":"conditions-dutilisation-et-confidentialite","status":"publish","type":"page","link":"https:\/\/rosaliehall.com\/fr\/conditions-dutilisation-et-confidentialite\/","title":{"rendered":"Conditions d\u2019utilisation et confidentialit\u00e9"},"content":{"rendered":"<p>[et_pb_section fb_built=\u00a0\u00bb1&Prime; custom_padding_last_edited=\u00a0\u00bbon|phone\u00a0\u00bb _builder_version=\u00a0\u00bb4.27.4&Prime; _module_preset=\u00a0\u00bbdefault\u00a0\u00bb background_color=\u00a0\u00bb#f8f5f0&Prime; custom_padding=\u00a0\u00bb270px||99px||false|false\u00a0\u00bb custom_padding_tablet=\u00a0\u00bb185.22px||80px||false|false\u00a0\u00bb custom_padding_phone=\u00a0\u00bb147.73px||60px||false|false\u00a0\u00bb locked=\u00a0\u00bboff\u00a0\u00bb global_colors_info=\u00a0\u00bb{}\u00a0\u00bb theme_builder_area=\u00a0\u00bbpost_content\u00a0\u00bb][et_pb_row _builder_version=\u00a0\u00bb4.27.4&Prime; _module_preset=\u00a0\u00bbdefault\u00a0\u00bb width=\u00a0\u00bb90%\u00a0\u00bb max_width=\u00a0\u00bb854px\u00a0\u00bb custom_padding=\u00a0\u00bb0px||0px||true|false\u00a0\u00bb hover_enabled=\u00a0\u00bb0&Prime; global_colors_info=\u00a0\u00bb{}\u00a0\u00bb theme_builder_area=\u00a0\u00bbpost_content\u00a0\u00bb sticky_enabled=\u00a0\u00bb0&Prime;][et_pb_column type=\u00a0\u00bb4_4&Prime; _builder_version=\u00a0\u00bb4.27.4&Prime; _module_preset=\u00a0\u00bbdefault\u00a0\u00bb global_colors_info=\u00a0\u00bb{}\u00a0\u00bb theme_builder_area=\u00a0\u00bbpost_content\u00a0\u00bb][et_pb_heading title=\u00a0\u00bbConditions d\u2019utilisation et confidentialit\u00e9\u00a0\u00bb module_class=\u00a0\u00bbheading-medium-rosalie\u00a0\u00bb _builder_version=\u00a0\u00bb4.27.4&Prime; _module_preset=\u00a0\u00bbdefault\u00a0\u00bb title_text_align=\u00a0\u00bbcenter\u00a0\u00bb title_letter_spacing=\u00a0\u00bb-0.01em\u00a0\u00bb title_line_height=\u00a0\u00bb1.3em\u00a0\u00bb max_width=\u00a0\u00bb600px\u00a0\u00bb module_alignment=\u00a0\u00bbcenter\u00a0\u00bb custom_margin=\u00a0\u00bb||60px||false|false\u00a0\u00bb hover_enabled=\u00a0\u00bb0&Prime; global_colors_info=\u00a0\u00bb{}\u00a0\u00bb theme_builder_area=\u00a0\u00bbpost_content\u00a0\u00bb sticky_enabled=\u00a0\u00bb0&Prime; custom_margin_last_edited=\u00a0\u00bbon|tablet\u00a0\u00bb custom_margin_tablet=\u00a0\u00bb||30px||false|false\u00a0\u00bb custom_margin_phone=\u00a0\u00bb||30px||false|false\u00a0\u00bb][\/et_pb_heading][et_pb_text _builder_version=\u00a0\u00bb4.27.4&Prime; _module_preset=\u00a0\u00bbdefault\u00a0\u00bb text_text_color=\u00a0\u00bb#787266&Prime; text_font_size=\u00a0\u00bb18px\u00a0\u00bb text_line_height=\u00a0\u00bb1.5em\u00a0\u00bb hover_enabled=\u00a0\u00bb0&Prime; text_font_size_tablet=\u00a0\u00bb18px\u00a0\u00bb text_font_size_phone=\u00a0\u00bb16px\u00a0\u00bb text_font_size_last_edited=\u00a0\u00bbon|desktop\u00a0\u00bb custom_css_free_form=\u00a0\u00bbselector a{||  text-decoration: underline;||}||selector p{||  padding-bottom: 15px;||}||||selector p:last-of-type {||    padding-bottom: 0;||}\u00a0\u00bb global_colors_info=\u00a0\u00bb{}\u00a0\u00bb theme_builder_area=\u00a0\u00bbpost_content\u00a0\u00bb sticky_enabled=\u00a0\u00bb0&Prime;]<\/p>\n<p>En acc\u00e9dant \u00e0 ce site Web et \u00e0 ses pages, tu d\u00e9clares avoir compris et accept\u00e9 ces conditions.<\/p>\n<p>Les informations contenues dans ce site Web \u2014 y compris les liens, les cat\u00e9gories et les descriptions \u2014 sont fournies \u00e0 titre informatif aux utilisateurs et ne constituent pas un avis. Toute personne ayant des questions concernant le counseling devrait toujours consulter un professionnel qualifi\u00e9 et demander son avis.<\/p>\n<p>Rosalie Hall ne fait aucune d\u00e9claration, garantie, revendication, promesse ou assurance quant \u00e0 l\u2019exhaustivit\u00e9, \u00e0 l\u2019exactitude ou \u00e0 la pertinence des r\u00e9sultats de recherche, des informations ou des liens contenus sur ce site Web ou sur des sites Web tiers. En aucun cas, Rosalie Hall ne pourra \u00eatre tenue responsable des dommages directs, indirects, accessoires, sp\u00e9ciaux ou cons\u00e9cutifs d\u00e9coulant de l\u2019utilisation de ce site Web.<\/p>\n<p>Aucun \u00e9l\u00e9ment de ce site ne peut \u00eatre copi\u00e9, reproduit, republi\u00e9, t\u00e9l\u00e9charg\u00e9, affich\u00e9, transmis ou distribu\u00e9 de quelque mani\u00e8re que ce soit \u2014 sauf que tu peux t\u00e9l\u00e9charger ou imprimer des copies des \u00e9l\u00e9ments pour une utilisation personnelle et non commerciale uniquement, \u00e0 condition que tu ne supprimes aucun des avis de droits d\u2019auteur et autres avis de propri\u00e9t\u00e9. La modification des \u00e9l\u00e9ments ou l\u2019utilisation des \u00e9l\u00e9ments \u00e0 toute autre fin constitue une violation des droits d\u2019auteur et autres droits de propri\u00e9t\u00e9. Toute utilisation ou modification de ce mat\u00e9riel, en tout ou en partie, \u00e0 toute autre fin est strictement interdite. L\u2019utilisation non autoris\u00e9e d\u2019images peut enfreindre les lois sur les droits d\u2019auteur, les lois sur les marques de commerce, les lois sur la protection de la vie priv\u00e9e et de la publicit\u00e9 ou les r\u00e8glements et statuts sur les communications.<\/p>\n<p>Nous ne recueillons pas automatiquement de renseignements personnels (tels que le nom du client, son num\u00e9ro de t\u00e9l\u00e9phone, son adresse courriel ou son adresse) par le biais de notre site Web. Ces renseignements ne sont obtenus que s\u2019ils sont fournis volontairement, par exemple en communiquant avec nous par courriel ou en demandant \u00e0 recevoir des bulletins \u00e9lectroniques ou d\u2019autres renseignements. Aucun renseignement personnel qui nous est fourni ne sera vendu \u00e0 un tiers.<\/p>\n<p>Nous utilisons un logiciel qui re\u00e7oit et enregistre l\u2019adresse IP (protocole Internet) de l\u2019ordinateur qui a communiqu\u00e9 avec notre site Web. Nous ne tentons pas de relier ces adresses \u00e0 l\u2019identit\u00e9 des personnes qui communiquent avec notre site. Les renseignements sont utilis\u00e9s pour am\u00e9liorer le contenu et\/ou mesurer le niveau d\u2019int\u00e9r\u00eat pour notre site et ne sont pas partag\u00e9s avec d\u2019autres organisations.<\/p>\n<p>Chaque fois que nous activons des \u00ab t\u00e9moins \u00bb pour faciliter les transactions, nous en informerons d\u2019abord le client.<\/p>\n<p>Si des intervenants choisissent de participer \u00e0 un forum en ligne ou \u00e0 un groupe de discussion, nous pouvons leur demander de fournir volontairement des renseignements personnels tels que leur nom et leur adresse courriel aux fins d\u2019une administration efficace du forum ou du groupe de discussion. Nous ne divulguerons ces renseignements \u00e0 personne \u00e0 l\u2019ext\u00e9rieur de Rosalie Hall sans consentement pr\u00e9alable.<\/p>\n<p>[\/et_pb_text][\/et_pb_column][\/et_pb_row][\/et_pb_section]<\/p>\n","protected":false},"excerpt":{"rendered":"<p>En acc\u00e9dant \u00e0 ce site Web et \u00e0 ses pages, tu d\u00e9clares avoir compris et accept\u00e9 ces conditions. Les informations contenues dans ce site Web \u2014 y compris les liens, les cat\u00e9gories et les descriptions \u2014 sont fournies \u00e0 titre informatif aux utilisateurs et ne constituent pas un avis. Toute personne ayant des questions concernant [&hellip;]<\/p>\n","protected":false},"author":1,"featured_media":0,"parent":0,"menu_order":0,"comment_status":"closed","ping_status":"closed","template":"","meta":{"_acf_changed":false,"_et_pb_use_builder":"on","_et_pb_old_content":"","_et_gb_content_width":"","footnotes":""},"class_list":["post-3353","page","type-page","status-publish","hentry"],"acf":[],"yoast_head":"<!-- This site is optimized with the Yoast SEO plugin v27.3 - https:\/\/yoast.com\/product\/yoast-seo-wordpress\/ -->\n<title>Conditions d\u2019utilisation et confidentialit\u00e9 - Rosalie Hall<\/title>\n<meta name=\"robots\" content=\"index, follow, max-snippet:-1, max-image-preview:large, max-video-preview:-1\" \/>\n<link rel=\"canonical\" href=\"https:\/\/rosaliehall.com\/fr\/conditions-dutilisation-et-confidentialite\/\" \/>\n<meta property=\"og:locale\" content=\"fr_FR\" \/>\n<meta property=\"og:type\" content=\"article\" \/>\n<meta property=\"og:title\" content=\"Conditions d\u2019utilisation et confidentialit\u00e9 - Rosalie Hall\" \/>\n<meta property=\"og:description\" content=\"En acc\u00e9dant \u00e0 ce site Web et \u00e0 ses pages, tu d\u00e9clares avoir compris et accept\u00e9 ces conditions. Les informations contenues dans ce site Web \u2014 y compris les liens, les cat\u00e9gories et les descriptions \u2014 sont fournies \u00e0 titre informatif aux utilisateurs et ne constituent pas un avis. Toute personne ayant des questions concernant [&hellip;]\" \/>\n<meta property=\"og:url\" content=\"https:\/\/rosaliehall.com\/fr\/conditions-dutilisation-et-confidentialite\/\" \/>\n<meta property=\"og:site_name\" content=\"Rosalie Hall\" \/>\n<meta property=\"article:modified_time\" content=\"2026-01-15T07:34:24+00:00\" \/>\n<meta name=\"twitter:card\" content=\"summary_large_image\" \/>\n<meta name=\"twitter:label1\" content=\"Dur\u00e9e de lecture estim\u00e9e\" \/>\n\t<meta name=\"twitter:data1\" content=\"4 minutes\" \/>\n<script type=\"application\/ld+json\" class=\"yoast-schema-graph\">{\"@context\":\"https:\\\/\\\/schema.org\",\"@graph\":[{\"@type\":\"WebPage\",\"@id\":\"https:\\\/\\\/rosaliehall.com\\\/fr\\\/conditions-dutilisation-et-confidentialite\\\/\",\"url\":\"https:\\\/\\\/rosaliehall.com\\\/fr\\\/conditions-dutilisation-et-confidentialite\\\/\",\"name\":\"Conditions d\u2019utilisation et confidentialit\u00e9 - Rosalie Hall\",\"isPartOf\":{\"@id\":\"https:\\\/\\\/rosaliehall.com\\\/fr\\\/#website\"},\"datePublished\":\"2025-10-21T08:13:13+00:00\",\"dateModified\":\"2026-01-15T07:34:24+00:00\",\"breadcrumb\":{\"@id\":\"https:\\\/\\\/rosaliehall.com\\\/fr\\\/conditions-dutilisation-et-confidentialite\\\/#breadcrumb\"},\"inLanguage\":\"fr-FR\",\"potentialAction\":[{\"@type\":\"ReadAction\",\"target\":[\"https:\\\/\\\/rosaliehall.com\\\/fr\\\/conditions-dutilisation-et-confidentialite\\\/\"]}]},{\"@type\":\"BreadcrumbList\",\"@id\":\"https:\\\/\\\/rosaliehall.com\\\/fr\\\/conditions-dutilisation-et-confidentialite\\\/#breadcrumb\",\"itemListElement\":[{\"@type\":\"ListItem\",\"position\":1,\"name\":\"Home\",\"item\":\"https:\\\/\\\/rosaliehall.com\\\/fr\\\/accueil\\\/\"},{\"@type\":\"ListItem\",\"position\":2,\"name\":\"Conditions d\u2019utilisation et confidentialit\u00e9\"}]},{\"@type\":\"WebSite\",\"@id\":\"https:\\\/\\\/rosaliehall.com\\\/fr\\\/#website\",\"url\":\"https:\\\/\\\/rosaliehall.com\\\/fr\\\/\",\"name\":\"Rosalie Hall\",\"description\":\"Supporting the Strength of Young Families\",\"potentialAction\":[{\"@type\":\"SearchAction\",\"target\":{\"@type\":\"EntryPoint\",\"urlTemplate\":\"https:\\\/\\\/rosaliehall.com\\\/fr\\\/?s={search_term_string}\"},\"query-input\":{\"@type\":\"PropertyValueSpecification\",\"valueRequired\":true,\"valueName\":\"search_term_string\"}}],\"inLanguage\":\"fr-FR\"}]}<\/script>\n<!-- \/ Yoast SEO plugin. -->","yoast_head_json":{"title":"Conditions d\u2019utilisation et confidentialit\u00e9 - Rosalie Hall","robots":{"index":"index","follow":"follow","max-snippet":"max-snippet:-1","max-image-preview":"max-image-preview:large","max-video-preview":"max-video-preview:-1"},"canonical":"https:\/\/rosaliehall.com\/fr\/conditions-dutilisation-et-confidentialite\/","og_locale":"fr_FR","og_type":"article","og_title":"Conditions d\u2019utilisation et confidentialit\u00e9 - Rosalie Hall","og_description":"En acc\u00e9dant \u00e0 ce site Web et \u00e0 ses pages, tu d\u00e9clares avoir compris et accept\u00e9 ces conditions. Les informations contenues dans ce site Web \u2014 y compris les liens, les cat\u00e9gories et les descriptions \u2014 sont fournies \u00e0 titre informatif aux utilisateurs et ne constituent pas un avis. Toute personne ayant des questions concernant [&hellip;]","og_url":"https:\/\/rosaliehall.com\/fr\/conditions-dutilisation-et-confidentialite\/","og_site_name":"Rosalie Hall","article_modified_time":"2026-01-15T07:34:24+00:00","twitter_card":"summary_large_image","twitter_misc":{"Dur\u00e9e de lecture estim\u00e9e":"4 minutes"},"schema":{"@context":"https:\/\/schema.org","@graph":[{"@type":"WebPage","@id":"https:\/\/rosaliehall.com\/fr\/conditions-dutilisation-et-confidentialite\/","url":"https:\/\/rosaliehall.com\/fr\/conditions-dutilisation-et-confidentialite\/","name":"Conditions d\u2019utilisation et confidentialit\u00e9 - Rosalie Hall","isPartOf":{"@id":"https:\/\/rosaliehall.com\/fr\/#website"},"datePublished":"2025-10-21T08:13:13+00:00","dateModified":"2026-01-15T07:34:24+00:00","breadcrumb":{"@id":"https:\/\/rosaliehall.com\/fr\/conditions-dutilisation-et-confidentialite\/#breadcrumb"},"inLanguage":"fr-FR","potentialAction":[{"@type":"ReadAction","target":["https:\/\/rosaliehall.com\/fr\/conditions-dutilisation-et-confidentialite\/"]}]},{"@type":"BreadcrumbList","@id":"https:\/\/rosaliehall.com\/fr\/conditions-dutilisation-et-confidentialite\/#breadcrumb","itemListElement":[{"@type":"ListItem","position":1,"name":"Home","item":"https:\/\/rosaliehall.com\/fr\/accueil\/"},{"@type":"ListItem","position":2,"name":"Conditions d\u2019utilisation et confidentialit\u00e9"}]},{"@type":"WebSite","@id":"https:\/\/rosaliehall.com\/fr\/#website","url":"https:\/\/rosaliehall.com\/fr\/","name":"Rosalie Hall","description":"Supporting the Strength of Young Families","potentialAction":[{"@type":"SearchAction","target":{"@type":"EntryPoint","urlTemplate":"https:\/\/rosaliehall.com\/fr\/?s={search_term_string}"},"query-input":{"@type":"PropertyValueSpecification","valueRequired":true,"valueName":"search_term_string"}}],"inLanguage":"fr-FR"}]}},"_links":{"self":[{"href":"https:\/\/rosaliehall.com\/fr\/wp-json\/wp\/v2\/pages\/3353","targetHints":{"allow":["GET"]}}],"collection":[{"href":"https:\/\/rosaliehall.com\/fr\/wp-json\/wp\/v2\/pages"}],"about":[{"href":"https:\/\/rosaliehall.com\/fr\/wp-json\/wp\/v2\/types\/page"}],"author":[{"embeddable":true,"href":"https:\/\/rosaliehall.com\/fr\/wp-json\/wp\/v2\/users\/1"}],"replies":[{"embeddable":true,"href":"https:\/\/rosaliehall.com\/fr\/wp-json\/wp\/v2\/comments?post=3353"}],"version-history":[{"count":0,"href":"https:\/\/rosaliehall.com\/fr\/wp-json\/wp\/v2\/pages\/3353\/revisions"}],"wp:attachment":[{"href":"https:\/\/rosaliehall.com\/fr\/wp-json\/wp\/v2\/media?parent=3353"}],"curies":[{"name":"wp","href":"https:\/\/api.w.org\/{rel}","templated":true}]}}